{"id":44,"date":"2024-08-14T19:32:23","date_gmt":"2024-08-14T17:32:23","guid":{"rendered":"https:\/\/jk-couture.de\/?page_id=44"},"modified":"2024-08-14T19:32:23","modified_gmt":"2024-08-14T17:32:23","slug":"impressum","status":"publish","type":"page","link":"https:\/\/jk-couture.de\/?page_id=44","title":{"rendered":"Impressum"},"content":{"rendered":"\n<h1>Impressum<\/h1>\n\n<p>Jule Klapdor<br \/>\nJK Couture<br \/>\nKleinschmitthauser Weg 4<br \/>\n40468 D&uuml;sseldorf<\/p>\n\n<h2>Kontakt<\/h2>\n<p>Telefon: 0177\/3242961<br \/>\nE-Mail: kontakt@jk-couture.de<\/p>\n\n<h2>Umsatzsteuer-ID<\/h2>\n<p>Umsatzsteuer-Identifikationsnummer gem&auml;&szlig; &sect; 27 a Umsatzsteuergesetz:<br \/>\nDE362023708<\/p>\n\n<h2>Redaktionell verantwortlich<\/h2>\n<p>Jule Klapdor<\/p>\n\n<h2>EU-Streitschlichtung<\/h2>\n<p>Die Europ&auml;ische Kommission stellt eine Plattform zur Online-Streitbeilegung (OS) bereit: <a href=\"https:\/\/ec.europa.eu\/consumers\/odr\/\" target=\"_blank\" rel=\"noopener noreferrer\">https:\/\/ec.europa.eu\/consumers\/odr\/<\/a>.<br \/> Unsere E-Mail-Adresse finden Sie oben im Impressum.<\/p>\n\n<h2>Verbraucher&shy;streit&shy;beilegung\/Universal&shy;schlichtungs&shy;stelle<\/h2>\n<p>Wir sind nicht bereit oder verpflichtet, an Streitbeilegungsverfahren vor einer Verbraucherschlichtungsstelle teilzunehmen.<\/p>\n\n<p>Quelle: <a href=\"https:\/\/www.e-recht24.de\">https:\/\/www.e-recht24.de<\/a><\/p>\n","protected":false},"excerpt":{"rendered":"<p>Impressum Jule Klapdor JK Couture Kleinschmitthauser Weg 4 40468 D&uuml;sseldorf Kontakt Telefon: 0177\/3242961 E-Mail: kontakt@jk-couture.de Umsatzsteuer-ID Umsatzsteuer-Identifikationsnummer gem&auml;&szlig; &sect; 27 a Umsatzsteuergesetz: DE362023708 Redaktionell verantwortlich Jule Klapdor EU-Streitschlichtung Die Europ&auml;ische Kommission stellt eine Plattform zur Online-Streitbeilegung (OS) bereit: https:\/\/ec.europa.eu\/consumers\/odr\/. Unsere E-Mail-Adresse finden Sie oben im Impressum. Verbraucher&shy;streit&shy;beilegung\/Universal&shy;schlichtungs&shy;stelle Wir sind nicht bereit oder verpflichtet, an Streitbeilegungsverfahren vor einer Verbraucherschlichtungsstelle teilzunehmen. Quelle: https:\/\/www.e-recht24.de<\/p>\n","protected":false},"author":1,"featured_media":0,"parent":0,"menu_order":0,"comment_status":"closed","ping_status":"closed","template":"","meta":{"footnotes":""},"class_list":["post-44","page","type-page","status-publish","hentry"],"yoast_head":"<!-- This site is optimized with the Yoast SEO plugin v23.2 - https:\/\/yoast.com\/wordpress\/plugins\/seo\/ -->\n<title>Impressum - JK-Couture<\/title>\n<meta name=\"robots\" content=\"index, follow, max-snippet:-1, max-image-preview:large, max-video-preview:-1\" \/>\n<link rel=\"canonical\" href=\"https:\/\/jk-couture.de\/?page_id=44\" \/>\n<meta property=\"og:locale\" content=\"de_DE\" \/>\n<meta property=\"og:type\" content=\"article\" \/>\n<meta property=\"og:title\" content=\"Impressum - JK-Couture\" \/>\n<meta property=\"og:description\" content=\"Impressum Jule Klapdor JK Couture Kleinschmitthauser Weg 4 40468 D&uuml;sseldorf Kontakt Telefon: 0177\/3242961 E-Mail: kontakt@jk-couture.de Umsatzsteuer-ID Umsatzsteuer-Identifikationsnummer gem&auml;&szlig; &sect; 27 a Umsatzsteuergesetz: DE362023708 Redaktionell verantwortlich Jule Klapdor EU-Streitschlichtung Die Europ&auml;ische Kommission stellt eine Plattform zur Online-Streitbeilegung (OS) bereit: https:\/\/ec.europa.eu\/consumers\/odr\/. Unsere E-Mail-Adresse finden Sie oben im Impressum. Verbraucher&shy;streit&shy;beilegung\/Universal&shy;schlichtungs&shy;stelle Wir sind nicht bereit oder verpflichtet, an Streitbeilegungsverfahren vor einer Verbraucherschlichtungsstelle teilzunehmen. Quelle: https:\/\/www.e-recht24.de\" \/>\n<meta property=\"og:url\" content=\"https:\/\/jk-couture.de\/?page_id=44\" \/>\n<meta property=\"og:site_name\" content=\"JK-Couture\" \/>\n<meta name=\"twitter:card\" content=\"summary_large_image\" \/>\n<script type=\"application\/ld+json\" class=\"yoast-schema-graph\">{\"@context\":\"https:\/\/schema.org\",\"@graph\":[{\"@type\":\"WebPage\",\"@id\":\"https:\/\/jk-couture.de\/?page_id=44\",\"url\":\"https:\/\/jk-couture.de\/?page_id=44\",\"name\":\"Impressum - JK-Couture\",\"isPartOf\":{\"@id\":\"https:\/\/jk-couture.de\/#website\"},\"datePublished\":\"2024-08-14T17:32:23+00:00\",\"dateModified\":\"2024-08-14T17:32:23+00:00\",\"breadcrumb\":{\"@id\":\"https:\/\/jk-couture.de\/?page_id=44#breadcrumb\"},\"inLanguage\":\"de\",\"potentialAction\":[{\"@type\":\"ReadAction\",\"target\":[\"https:\/\/jk-couture.de\/?page_id=44\"]}]},{\"@type\":\"BreadcrumbList\",\"@id\":\"https:\/\/jk-couture.de\/?page_id=44#breadcrumb\",\"itemListElement\":[{\"@type\":\"ListItem\",\"position\":1,\"name\":\"Startseite\",\"item\":\"https:\/\/jk-couture.de\/\"},{\"@type\":\"ListItem\",\"position\":2,\"name\":\"Impressum\"}]},{\"@type\":\"WebSite\",\"@id\":\"https:\/\/jk-couture.de\/#website\",\"url\":\"https:\/\/jk-couture.de\/\",\"name\":\"JK-Couture\",\"description\":\"Ma\u00dfschneiderei f\u00fcr Uniformen, Kost\u00fcme und Abendgarderobe f\u00fcr Damen und Herren\",\"potentialAction\":[{\"@type\":\"SearchAction\",\"target\":{\"@type\":\"EntryPoint\",\"urlTemplate\":\"https:\/\/jk-couture.de\/?s={search_term_string}\"},\"query-input\":\"required name=search_term_string\"}],\"inLanguage\":\"de\"}]}<\/script>\n<!-- \/ Yoast SEO plugin. -->","yoast_head_json":{"title":"Impressum - JK-Couture","robots":{"index":"index","follow":"follow","max-snippet":"max-snippet:-1","max-image-preview":"max-image-preview:large","max-video-preview":"max-video-preview:-1"},"canonical":"https:\/\/jk-couture.de\/?page_id=44","og_locale":"de_DE","og_type":"article","og_title":"Impressum - JK-Couture","og_description":"Impressum Jule Klapdor JK Couture Kleinschmitthauser Weg 4 40468 D&uuml;sseldorf Kontakt Telefon: 0177\/3242961 E-Mail: kontakt@jk-couture.de Umsatzsteuer-ID Umsatzsteuer-Identifikationsnummer gem&auml;&szlig; &sect; 27 a Umsatzsteuergesetz: DE362023708 Redaktionell verantwortlich Jule Klapdor EU-Streitschlichtung Die Europ&auml;ische Kommission stellt eine Plattform zur Online-Streitbeilegung (OS) bereit: https:\/\/ec.europa.eu\/consumers\/odr\/. Unsere E-Mail-Adresse finden Sie oben im Impressum. Verbraucher&shy;streit&shy;beilegung\/Universal&shy;schlichtungs&shy;stelle Wir sind nicht bereit oder verpflichtet, an Streitbeilegungsverfahren vor einer Verbraucherschlichtungsstelle teilzunehmen. Quelle: https:\/\/www.e-recht24.de","og_url":"https:\/\/jk-couture.de\/?page_id=44","og_site_name":"JK-Couture","twitter_card":"summary_large_image","schema":{"@context":"https:\/\/schema.org","@graph":[{"@type":"WebPage","@id":"https:\/\/jk-couture.de\/?page_id=44","url":"https:\/\/jk-couture.de\/?page_id=44","name":"Impressum - JK-Couture","isPartOf":{"@id":"https:\/\/jk-couture.de\/#website"},"datePublished":"2024-08-14T17:32:23+00:00","dateModified":"2024-08-14T17:32:23+00:00","breadcrumb":{"@id":"https:\/\/jk-couture.de\/?page_id=44#breadcrumb"},"inLanguage":"de","potentialAction":[{"@type":"ReadAction","target":["https:\/\/jk-couture.de\/?page_id=44"]}]},{"@type":"BreadcrumbList","@id":"https:\/\/jk-couture.de\/?page_id=44#breadcrumb","itemListElement":[{"@type":"ListItem","position":1,"name":"Startseite","item":"https:\/\/jk-couture.de\/"},{"@type":"ListItem","position":2,"name":"Impressum"}]},{"@type":"WebSite","@id":"https:\/\/jk-couture.de\/#website","url":"https:\/\/jk-couture.de\/","name":"JK-Couture","description":"Ma\u00dfschneiderei f\u00fcr Uniformen, Kost\u00fcme und Abendgarderobe f\u00fcr Damen und Herren","potentialAction":[{"@type":"SearchAction","target":{"@type":"EntryPoint","urlTemplate":"https:\/\/jk-couture.de\/?s={search_term_string}"},"query-input":"required name=search_term_string"}],"inLanguage":"de"}]}},"_links":{"self":[{"href":"https:\/\/jk-couture.de\/index.php?rest_route=\/wp\/v2\/pages\/44","targetHints":{"allow":["GET"]}}],"collection":[{"href":"https:\/\/jk-couture.de\/index.php?rest_route=\/wp\/v2\/pages"}],"about":[{"href":"https:\/\/jk-couture.de\/index.php?rest_route=\/wp\/v2\/types\/page"}],"author":[{"embeddable":true,"href":"https:\/\/jk-couture.de\/index.php?rest_route=\/wp\/v2\/users\/1"}],"replies":[{"embeddable":true,"href":"https:\/\/jk-couture.de\/index.php?rest_route=%2Fwp%2Fv2%2Fcomments&post=44"}],"version-history":[{"count":2,"href":"https:\/\/jk-couture.de\/index.php?rest_route=\/wp\/v2\/pages\/44\/revisions"}],"predecessor-version":[{"id":46,"href":"https:\/\/jk-couture.de\/index.php?rest_route=\/wp\/v2\/pages\/44\/revisions\/46"}],"wp:attachment":[{"href":"https:\/\/jk-couture.de\/index.php?rest_route=%2Fwp%2Fv2%2Fmedia&parent=44"}],"curies":[{"name":"wp","href":"https:\/\/api.w.org\/{rel}","templated":true}]}}